{"id":432,"date":"2015-06-11T09:12:57","date_gmt":"2015-06-11T08:12:57","guid":{"rendered":"http:\/\/aum-meditation.ch.aurelius.ch-meta.net\/?page_id=432"},"modified":"2018-05-24T16:48:58","modified_gmt":"2018-05-24T14:48:58","slug":"check-in-zurich","status":"publish","type":"page","link":"https:\/\/aum-meditation.ch\/en\/check-in-zurich\/","title":{"rendered":"Check-In Zurich AUM"},"content":{"rendered":"\n<style type=\"text\/css\" id=\"style-css-av-av_one_full-352b07ef7d3bc99b2e9f92e7a9e06bdb\">\n.flex_column.av-av_one_full-352b07ef7d3bc99b2e9f92e7a9e06bdb{\nborder-radius:0px 0px 0px 0px;\n-webkit-border-radius:0px 0px 0px 0px;\n-moz-border-radius:0px 0px 0px 0px;\n}\n<\/style>\n<div class='flex_column av-av_one_full-352b07ef7d3bc99b2e9f92e7a9e06bdb av_one_full  avia-builder-el-0  el_before_av_one_full  avia-builder-el-first  first flex_column_div av-zero-column-padding '   ><section class=\"av_textblock_section \"  itemscope=\"itemscope\" itemtype=\"https:\/\/schema.org\/CreativeWork\" ><div class='avia_textblock  '   itemprop=\"text\" ><h3>\ud83d\ude09 Herzlich willkommen an der Z\u00fcrich AUM \ud83d\ude09<\/h3>\n<p>Bist Du das erste Mal in Z\u00fcrich bei der AUM dabei, bitten wir Dich, sobald als m\u00f6glich, das untenstehende Check-In (<a href=\"https:\/\/aum-meditation.ch\/check-in-form\/\">direkt Link<\/a>) auszuf\u00fcllen.<br \/>\nDu erh\u00e4ltst danach umgehend einen Link mit Terminen f\u00fcr ein kurzes Erstgespr\u00e4ch am Telefon.<br \/>\n<em>Das vorg\u00e4ngige Check-in sowie das Tel Gespr\u00e4ch ist f\u00fcr alle, die noch nie an der Z\u00fcrich AUM waren, obligatorisch und Voraussetzung f\u00fcr den Einlass zu der Session.<\/em><\/p>\n<p>Solltest Du am Tag der AUM kurzfristig verhindert bist, ist dies kein Problem, Du bist dann schon organisiert f\u00fcr das n\u00e4chste Mal!<br \/>\nNach Deiner ersten Z\u00fcrich AUM kannst Du jederzeit ohne Voranmeldung teilnehmen.<\/p>\n<p>Das Z\u00fcrich AUM Team freut sich, Dich an der n\u00e4chsten Session pers\u00f6nlich kennenzulernen,<\/p>\n<p>NIRVAN<\/p>\n\n<style type=\"text\/css\" id=\"style-css-av-av_hr-bbe676ee29fcde2ee286114023beb888\">\n#top .hr.hr-invisible.av-av_hr-bbe676ee29fcde2ee286114023beb888{\nheight:15px;\n}\n<\/style>\n<div  class='hr av-av_hr-bbe676ee29fcde2ee286114023beb888 hr-invisible  avia-builder-el-2  avia-builder-el-no-sibling  '><span class='hr-inner '><span class=\"hr-inner-style\"><\/span><\/span><\/div>\n--\n<\/div><\/section><\/div>\n<style type=\"text\/css\" id=\"style-css-av-av_one_full-352b07ef7d3bc99b2e9f92e7a9e06bdb\">\n.flex_column.av-av_one_full-352b07ef7d3bc99b2e9f92e7a9e06bdb{\nborder-radius:0px 0px 0px 0px;\n-webkit-border-radius:0px 0px 0px 0px;\n-moz-border-radius:0px 0px 0px 0px;\n}\n<\/style>\n<div class='flex_column av-av_one_full-352b07ef7d3bc99b2e9f92e7a9e06bdb av_one_full  avia-builder-el-3  el_after_av_one_full  avia-builder-el-last  first flex_column_div av-zero-column-padding column-top-margin'   ><\/div><\/p>\n","protected":false},"excerpt":{"rendered":"","protected":false},"author":2,"featured_media":0,"parent":0,"menu_order":0,"comment_status":"open","ping_status":"open","template":"","meta":{"footnotes":""},"class_list":["post-432","page","type-page","status-publish","hentry"],"yoast_head":"<!-- This site is optimized with the Yoast SEO plugin v27.4 - https:\/\/yoast.com\/product\/yoast-seo-wordpress\/ -->\n<title>Check-In Zurich AUM - AUM Meditation Zurich<\/title>\n<meta name=\"robots\" content=\"index, follow, max-snippet:-1, max-image-preview:large, max-video-preview:-1\" \/>\n<link rel=\"canonical\" href=\"https:\/\/aum-meditation.ch\/en\/check-in-zurich\/\" \/>\n<meta property=\"og:locale\" content=\"en_US\" \/>\n<meta property=\"og:type\" content=\"article\" \/>\n<meta property=\"og:title\" content=\"Check-In Zurich AUM - AUM Meditation Zurich\" \/>\n<meta property=\"og:url\" content=\"https:\/\/aum-meditation.ch\/en\/check-in-zurich\/\" \/>\n<meta property=\"og:site_name\" content=\"AUM Meditation Zurich\" \/>\n<meta property=\"article:modified_time\" content=\"2018-05-24T14:48:58+00:00\" \/>\n<meta name=\"twitter:card\" content=\"summary_large_image\" \/>\n<meta name=\"twitter:label1\" content=\"Est. reading time\" \/>\n\t<meta name=\"twitter:data1\" content=\"2 minutes\" \/>\n<script type=\"application\/ld+json\" class=\"yoast-schema-graph\">{\"@context\":\"https:\\\/\\\/schema.org\",\"@graph\":[{\"@type\":\"WebPage\",\"@id\":\"https:\\\/\\\/aum-meditation.ch\\\/en\\\/check-in-zurich\\\/\",\"url\":\"https:\\\/\\\/aum-meditation.ch\\\/en\\\/check-in-zurich\\\/\",\"name\":\"Check-In Zurich AUM - AUM Meditation Zurich\",\"isPartOf\":{\"@id\":\"https:\\\/\\\/aum-meditation.ch\\\/#website\"},\"datePublished\":\"2015-06-11T08:12:57+00:00\",\"dateModified\":\"2018-05-24T14:48:58+00:00\",\"breadcrumb\":{\"@id\":\"https:\\\/\\\/aum-meditation.ch\\\/en\\\/check-in-zurich\\\/#breadcrumb\"},\"inLanguage\":\"en-US\",\"potentialAction\":[{\"@type\":\"ReadAction\",\"target\":[\"https:\\\/\\\/aum-meditation.ch\\\/en\\\/check-in-zurich\\\/\"]}]},{\"@type\":\"BreadcrumbList\",\"@id\":\"https:\\\/\\\/aum-meditation.ch\\\/en\\\/check-in-zurich\\\/#breadcrumb\",\"itemListElement\":[{\"@type\":\"ListItem\",\"position\":1,\"name\":\"Home\",\"item\":\"https:\\\/\\\/aum-meditation.ch\\\/en\\\/\"},{\"@type\":\"ListItem\",\"position\":2,\"name\":\"Check-In Zurich AUM\"}]},{\"@type\":\"WebSite\",\"@id\":\"https:\\\/\\\/aum-meditation.ch\\\/#website\",\"url\":\"https:\\\/\\\/aum-meditation.ch\\\/\",\"name\":\"AUM Meditation Zurich\",\"description\":\"Active Social Meditation\",\"potentialAction\":[{\"@type\":\"SearchAction\",\"target\":{\"@type\":\"EntryPoint\",\"urlTemplate\":\"https:\\\/\\\/aum-meditation.ch\\\/?s={search_term_string}\"},\"query-input\":{\"@type\":\"PropertyValueSpecification\",\"valueRequired\":true,\"valueName\":\"search_term_string\"}}],\"inLanguage\":\"en-US\"}]}<\/script>\n<!-- \/ Yoast SEO plugin. -->","yoast_head_json":{"title":"Check-In Zurich AUM - AUM Meditation Zurich","robots":{"index":"index","follow":"follow","max-snippet":"max-snippet:-1","max-image-preview":"max-image-preview:large","max-video-preview":"max-video-preview:-1"},"canonical":"https:\/\/aum-meditation.ch\/en\/check-in-zurich\/","og_locale":"en_US","og_type":"article","og_title":"Check-In Zurich AUM - AUM Meditation Zurich","og_url":"https:\/\/aum-meditation.ch\/en\/check-in-zurich\/","og_site_name":"AUM Meditation Zurich","article_modified_time":"2018-05-24T14:48:58+00:00","twitter_card":"summary_large_image","twitter_misc":{"Est. reading time":"2 minutes"},"schema":{"@context":"https:\/\/schema.org","@graph":[{"@type":"WebPage","@id":"https:\/\/aum-meditation.ch\/en\/check-in-zurich\/","url":"https:\/\/aum-meditation.ch\/en\/check-in-zurich\/","name":"Check-In Zurich AUM - AUM Meditation Zurich","isPartOf":{"@id":"https:\/\/aum-meditation.ch\/#website"},"datePublished":"2015-06-11T08:12:57+00:00","dateModified":"2018-05-24T14:48:58+00:00","breadcrumb":{"@id":"https:\/\/aum-meditation.ch\/en\/check-in-zurich\/#breadcrumb"},"inLanguage":"en-US","potentialAction":[{"@type":"ReadAction","target":["https:\/\/aum-meditation.ch\/en\/check-in-zurich\/"]}]},{"@type":"BreadcrumbList","@id":"https:\/\/aum-meditation.ch\/en\/check-in-zurich\/#breadcrumb","itemListElement":[{"@type":"ListItem","position":1,"name":"Home","item":"https:\/\/aum-meditation.ch\/en\/"},{"@type":"ListItem","position":2,"name":"Check-In Zurich AUM"}]},{"@type":"WebSite","@id":"https:\/\/aum-meditation.ch\/#website","url":"https:\/\/aum-meditation.ch\/","name":"AUM Meditation Zurich","description":"Active Social Meditation","potentialAction":[{"@type":"SearchAction","target":{"@type":"EntryPoint","urlTemplate":"https:\/\/aum-meditation.ch\/?s={search_term_string}"},"query-input":{"@type":"PropertyValueSpecification","valueRequired":true,"valueName":"search_term_string"}}],"inLanguage":"en-US"}]}},"_links":{"self":[{"href":"https:\/\/aum-meditation.ch\/en\/wp-json\/wp\/v2\/pages\/432","targetHints":{"allow":["GET"]}}],"collection":[{"href":"https:\/\/aum-meditation.ch\/en\/wp-json\/wp\/v2\/pages"}],"about":[{"href":"https:\/\/aum-meditation.ch\/en\/wp-json\/wp\/v2\/types\/page"}],"author":[{"embeddable":true,"href":"https:\/\/aum-meditation.ch\/en\/wp-json\/wp\/v2\/users\/2"}],"replies":[{"embeddable":true,"href":"https:\/\/aum-meditation.ch\/en\/wp-json\/wp\/v2\/comments?post=432"}],"version-history":[{"count":14,"href":"https:\/\/aum-meditation.ch\/en\/wp-json\/wp\/v2\/pages\/432\/revisions"}],"predecessor-version":[{"id":1252,"href":"https:\/\/aum-meditation.ch\/en\/wp-json\/wp\/v2\/pages\/432\/revisions\/1252"}],"wp:attachment":[{"href":"https:\/\/aum-meditation.ch\/en\/wp-json\/wp\/v2\/media?parent=432"}],"curies":[{"name":"wp","href":"https:\/\/api.w.org\/{rel}","templated":true}]}}