{"id":472,"date":"2015-09-21T19:52:52","date_gmt":"2015-09-21T18:52:52","guid":{"rendered":"http:\/\/aum-meditation.ch.aurelius.ch-meta.net\/?page_id=472"},"modified":"2017-07-23T12:48:29","modified_gmt":"2017-07-23T10:48:29","slug":"inicio","status":"publish","type":"page","link":"https:\/\/aum-meditation.ch\/es\/inicio\/","title":{"rendered":"Inicio"},"content":{"rendered":"\n<style type=\"text\/css\" id=\"style-css-av-av_one_full-352b07ef7d3bc99b2e9f92e7a9e06bdb\">\n.flex_column.av-av_one_full-352b07ef7d3bc99b2e9f92e7a9e06bdb{\nborder-radius:0px 0px 0px 0px;\n-webkit-border-radius:0px 0px 0px 0px;\n-moz-border-radius:0px 0px 0px 0px;\n}\n<\/style>\n<div class='flex_column av-av_one_full-352b07ef7d3bc99b2e9f92e7a9e06bdb av_one_full  avia-builder-el-0  el_before_av_hr  avia-builder-el-first  first flex_column_div av-zero-column-padding '   ><section class=\"av_textblock_section \"  itemscope=\"itemscope\" itemtype=\"https:\/\/schema.org\/CreativeWork\" ><div class='avia_textblock  '   itemprop=\"text\" ><h3 style=\"text-align: center;\">Osho\/Humaniversity<\/h3>\n<\/div><\/section><\/div>\n\n<style type=\"text\/css\" id=\"style-css-av-av_hr-a6de236e6c183bbbd700292deacd2b52\">\n#top .hr.hr-invisible.av-av_hr-a6de236e6c183bbbd700292deacd2b52{\nheight:20px;\n}\n<\/style>\n<div  class='hr av-av_hr-a6de236e6c183bbbd700292deacd2b52 hr-invisible  avia-builder-el-2  el_after_av_one_full  el_before_av_one_full  '><span class='hr-inner '><span class=\"hr-inner-style\"><\/span><\/span><\/div>\n\n<style type=\"text\/css\" id=\"style-css-av-av_one_full-352b07ef7d3bc99b2e9f92e7a9e06bdb\">\n.flex_column.av-av_one_full-352b07ef7d3bc99b2e9f92e7a9e06bdb{\nborder-radius:0px 0px 0px 0px;\n-webkit-border-radius:0px 0px 0px 0px;\n-moz-border-radius:0px 0px 0px 0px;\n}\n<\/style>\n<div class='flex_column av-av_one_full-352b07ef7d3bc99b2e9f92e7a9e06bdb av_one_full  avia-builder-el-3  el_after_av_hr  el_before_av_hr  first flex_column_div av-zero-column-padding '   ><section class=\"av_textblock_section \"  itemscope=\"itemscope\" itemtype=\"https:\/\/schema.org\/CreativeWork\" ><div class='avia_textblock  '   itemprop=\"text\" ><h2 style=\"text-align: center;\">AUM \u2013 Meditaci\u00f3n<\/h2>\n<p style=\"text-align: center;\">La AUM es una meditaci\u00f3n activa y social de dos horas y media, en la que se combina el movimiento, los juegos de roles y la expresi\u00f3n vocal. En 13 diferentes fases entrar\u00e1s en un contacto intenso contigo mismo y con otros. Expresar\u00e1s tu ira y mostrar\u00e1s tu amor, entrar\u00e1s en contacto con tu poder, sacudir\u00e1s aquello que te bloquea, vivir\u00e1s tu caos, danzar\u00e1s tu danza, te encontrar\u00e1s con tu tristeza y tu risa, descubrir\u00e1s tu sensualidad, estar\u00e1s en silencio y quietud.<\/p>\n<p style=\"text-align: center;\"><em>Aprende sobre tus emociones, libera el estr\u00e9s y recupera la alegr\u00eda de vivir!<\/em><\/p>\n\n<style type=\"text\/css\" id=\"style-css-av-av_hr-616cd310f4c6bf63bbd1f033802c1165\">\n#top .hr.hr-invisible.av-av_hr-616cd310f4c6bf63bbd1f033802c1165{\nheight:20px;\n}\n<\/style>\n<div  class='hr av-av_hr-616cd310f4c6bf63bbd1f033802c1165 hr-invisible  avia-builder-el-5  el_after_av_one_full  el_before_av_textblock  '><span class='hr-inner '><span class=\"hr-inner-style\"><\/span><\/span><\/div>\n--\n<\/div><\/section><\/div><div  class='hr av-av_hr-ff829ea430b3516576cb7eee1c299dff hr-default '><span class='hr-inner '><span class=\"hr-inner-style\"><\/span><\/span><\/div><\/p>\n\n<style type=\"text\/css\" id=\"style-css-av-av_one_full-352b07ef7d3bc99b2e9f92e7a9e06bdb\">\n.flex_column.av-av_one_full-352b07ef7d3bc99b2e9f92e7a9e06bdb{\nborder-radius:0px 0px 0px 0px;\n-webkit-border-radius:0px 0px 0px 0px;\n-moz-border-radius:0px 0px 0px 0px;\n}\n<\/style>\n<div class='flex_column av-av_one_full-352b07ef7d3bc99b2e9f92e7a9e06bdb av_one_full first flex_column_div av-zero-column-padding '   ><section class=\"av_textblock_section \"  itemscope=\"itemscope\" itemtype=\"https:\/\/schema.org\/CreativeWork\" ><div class='avia_textblock  '   itemprop=\"text\" ><p style=\"text-align: center;\">El AUM se basa en la comprensi\u00f3n de que, para estar en silencio, la mente occidental debe primero deshacerse de la tensi\u00f3n y el estr\u00e9s.<\/p>\n<p style=\"text-align: center;\">Las 13 fases de esta meditaci\u00f3n, altamente activa e interactiva, te llevan a lo largo de un viaje en una monta\u00f1a rusa por tu interior. Tus compa\u00f1eros de meditaci\u00f3n se convierten en espejos en los que ser\u00e1s capaz de verte con claridad.<\/p>\n<p style=\"text-align: center;\">Las fases te llevan por una variedad de expresiones emocionales, ejercicios bio-energ\u00e9ticos, baile y encuentro. Te mueves a trav\u00e9s de todo el espectro de las emociones humanas, incluyendo la ira, el amor, la tristeza, la risa y el caos, de un extremo al otro, para llegar, finalmente, a un profundo silencio interior.<\/p>\n<p style=\"text-align: center;\">Entonces est\u00e1s listo para encontrarte con otros con un coraz\u00f3n abierto y lleno de amor. El AUM es una oportunidad ideal para refrescar viejas amistades y crear nuevas. Te da energ\u00eda, te libera de la tensi\u00f3n y el estr\u00e9s, sana las heridas, es saludable para el cuerpo, la mente y el esp\u00edritu y te pone en contacto con tu poder y vitalidad. Al final de esta estructura de una hora y media experimentas una profunda sensaci\u00f3n de calidez y relajaci\u00f3n. Es momento para el amor y la celebraci\u00f3n.<\/p>\n<\/div><\/section><\/div>\n","protected":false},"excerpt":{"rendered":"","protected":false},"author":1,"featured_media":0,"parent":0,"menu_order":0,"comment_status":"closed","ping_status":"closed","template":"","meta":{"footnotes":""},"class_list":["post-472","page","type-page","status-publish","hentry"],"yoast_head":"<!-- This site is optimized with the Yoast SEO plugin v27.4 - https:\/\/yoast.com\/product\/yoast-seo-wordpress\/ -->\n<title>Inicio - AUM Meditation Zurich<\/title>\n<meta name=\"robots\" content=\"index, follow, max-snippet:-1, max-image-preview:large, max-video-preview:-1\" \/>\n<link rel=\"canonical\" href=\"https:\/\/aum-meditation.ch\/es\/inicio\/\" \/>\n<meta property=\"og:locale\" content=\"es_ES\" \/>\n<meta property=\"og:type\" content=\"article\" \/>\n<meta property=\"og:title\" content=\"Inicio - AUM Meditation Zurich\" \/>\n<meta property=\"og:url\" content=\"https:\/\/aum-meditation.ch\/es\/inicio\/\" \/>\n<meta property=\"og:site_name\" content=\"AUM Meditation Zurich\" \/>\n<meta property=\"article:modified_time\" content=\"2017-07-23T10:48:29+00:00\" \/>\n<meta name=\"twitter:card\" content=\"summary_large_image\" \/>\n<meta name=\"twitter:label1\" content=\"Tiempo de lectura\" \/>\n\t<meta name=\"twitter:data1\" content=\"3 minutos\" \/>\n<script type=\"application\/ld+json\" class=\"yoast-schema-graph\">{\"@context\":\"https:\\\/\\\/schema.org\",\"@graph\":[{\"@type\":\"WebPage\",\"@id\":\"https:\\\/\\\/aum-meditation.ch\\\/es\\\/inicio\\\/\",\"url\":\"https:\\\/\\\/aum-meditation.ch\\\/es\\\/inicio\\\/\",\"name\":\"Inicio - AUM Meditation Zurich\",\"isPartOf\":{\"@id\":\"https:\\\/\\\/aum-meditation.ch\\\/#website\"},\"datePublished\":\"2015-09-21T18:52:52+00:00\",\"dateModified\":\"2017-07-23T10:48:29+00:00\",\"breadcrumb\":{\"@id\":\"https:\\\/\\\/aum-meditation.ch\\\/es\\\/inicio\\\/#breadcrumb\"},\"inLanguage\":\"es\",\"potentialAction\":[{\"@type\":\"ReadAction\",\"target\":[\"https:\\\/\\\/aum-meditation.ch\\\/es\\\/inicio\\\/\"]}]},{\"@type\":\"BreadcrumbList\",\"@id\":\"https:\\\/\\\/aum-meditation.ch\\\/es\\\/inicio\\\/#breadcrumb\",\"itemListElement\":[{\"@type\":\"ListItem\",\"position\":1,\"name\":\"Home\",\"item\":\"https:\\\/\\\/aum-meditation.ch\\\/\"},{\"@type\":\"ListItem\",\"position\":2,\"name\":\"Inicio\"}]},{\"@type\":\"WebSite\",\"@id\":\"https:\\\/\\\/aum-meditation.ch\\\/#website\",\"url\":\"https:\\\/\\\/aum-meditation.ch\\\/\",\"name\":\"AUM Meditation Zurich\",\"description\":\"Active Social Meditation\",\"potentialAction\":[{\"@type\":\"SearchAction\",\"target\":{\"@type\":\"EntryPoint\",\"urlTemplate\":\"https:\\\/\\\/aum-meditation.ch\\\/?s={search_term_string}\"},\"query-input\":{\"@type\":\"PropertyValueSpecification\",\"valueRequired\":true,\"valueName\":\"search_term_string\"}}],\"inLanguage\":\"es\"}]}<\/script>\n<!-- \/ Yoast SEO plugin. -->","yoast_head_json":{"title":"Inicio - AUM Meditation Zurich","robots":{"index":"index","follow":"follow","max-snippet":"max-snippet:-1","max-image-preview":"max-image-preview:large","max-video-preview":"max-video-preview:-1"},"canonical":"https:\/\/aum-meditation.ch\/es\/inicio\/","og_locale":"es_ES","og_type":"article","og_title":"Inicio - AUM Meditation Zurich","og_url":"https:\/\/aum-meditation.ch\/es\/inicio\/","og_site_name":"AUM Meditation Zurich","article_modified_time":"2017-07-23T10:48:29+00:00","twitter_card":"summary_large_image","twitter_misc":{"Tiempo de lectura":"3 minutos"},"schema":{"@context":"https:\/\/schema.org","@graph":[{"@type":"WebPage","@id":"https:\/\/aum-meditation.ch\/es\/inicio\/","url":"https:\/\/aum-meditation.ch\/es\/inicio\/","name":"Inicio - AUM Meditation Zurich","isPartOf":{"@id":"https:\/\/aum-meditation.ch\/#website"},"datePublished":"2015-09-21T18:52:52+00:00","dateModified":"2017-07-23T10:48:29+00:00","breadcrumb":{"@id":"https:\/\/aum-meditation.ch\/es\/inicio\/#breadcrumb"},"inLanguage":"es","potentialAction":[{"@type":"ReadAction","target":["https:\/\/aum-meditation.ch\/es\/inicio\/"]}]},{"@type":"BreadcrumbList","@id":"https:\/\/aum-meditation.ch\/es\/inicio\/#breadcrumb","itemListElement":[{"@type":"ListItem","position":1,"name":"Home","item":"https:\/\/aum-meditation.ch\/"},{"@type":"ListItem","position":2,"name":"Inicio"}]},{"@type":"WebSite","@id":"https:\/\/aum-meditation.ch\/#website","url":"https:\/\/aum-meditation.ch\/","name":"AUM Meditation Zurich","description":"Active Social Meditation","potentialAction":[{"@type":"SearchAction","target":{"@type":"EntryPoint","urlTemplate":"https:\/\/aum-meditation.ch\/?s={search_term_string}"},"query-input":{"@type":"PropertyValueSpecification","valueRequired":true,"valueName":"search_term_string"}}],"inLanguage":"es"}]}},"_links":{"self":[{"href":"https:\/\/aum-meditation.ch\/es\/wp-json\/wp\/v2\/pages\/472","targetHints":{"allow":["GET"]}}],"collection":[{"href":"https:\/\/aum-meditation.ch\/es\/wp-json\/wp\/v2\/pages"}],"about":[{"href":"https:\/\/aum-meditation.ch\/es\/wp-json\/wp\/v2\/types\/page"}],"author":[{"embeddable":true,"href":"https:\/\/aum-meditation.ch\/es\/wp-json\/wp\/v2\/users\/1"}],"replies":[{"embeddable":true,"href":"https:\/\/aum-meditation.ch\/es\/wp-json\/wp\/v2\/comments?post=472"}],"version-history":[{"count":18,"href":"https:\/\/aum-meditation.ch\/es\/wp-json\/wp\/v2\/pages\/472\/revisions"}],"predecessor-version":[{"id":567,"href":"https:\/\/aum-meditation.ch\/es\/wp-json\/wp\/v2\/pages\/472\/revisions\/567"}],"wp:attachment":[{"href":"https:\/\/aum-meditation.ch\/es\/wp-json\/wp\/v2\/media?parent=472"}],"curies":[{"name":"wp","href":"https:\/\/api.w.org\/{rel}","templated":true}]}}