{"id":633,"date":"2014-08-27T15:04:47","date_gmt":"2014-08-27T15:04:47","guid":{"rendered":"http:\/\/aum-meditation.ch.aurelius.ch-meta.net\/fr\/aum-team\/"},"modified":"2016-03-30T11:16:26","modified_gmt":"2016-03-30T10:16:26","slug":"aum-team","status":"publish","type":"page","link":"https:\/\/aum-meditation.ch\/fr\/aum-team\/","title":{"rendered":"AUM Team"},"content":{"rendered":"\n<style type=\"text\/css\" id=\"style-css-av-av_one_third-352b07ef7d3bc99b2e9f92e7a9e06bdb\">\n.flex_column.av-av_one_third-352b07ef7d3bc99b2e9f92e7a9e06bdb{\nborder-radius:0px 0px 0px 0px;\n-webkit-border-radius:0px 0px 0px 0px;\n-moz-border-radius:0px 0px 0px 0px;\n}\n<\/style>\n<div class='flex_column av-av_one_third-352b07ef7d3bc99b2e9f92e7a9e06bdb av_one_third  avia-builder-el-0  el_before_av_two_third  avia-builder-el-first  first flex_column_div av-zero-column-padding '   ><style type=\"text\/css\" id=\"style-css-av-av_image-3a8d24b96accda1ba82b16debfeb8484\">\n.avia-image-container.av-av_image-3a8d24b96accda1ba82b16debfeb8484 .av-image-caption-overlay-center{\ncolor:#ffffff;\n}\n<\/style>\n<div  class='avia-image-container av-av_image-3a8d24b96accda1ba82b16debfeb8484 av-styling- avia-align-left  avia-builder-el-1  avia-builder-el-no-sibling  '  itemprop=\"image\" itemscope=\"itemscope\" itemtype=\"https:\/\/schema.org\/ImageObject\" ><div class=\"avia-image-container-inner\"><div class=\"avia-image-overlay-wrap\"><img class='wp-image-1542 avia-img-lazy-loading-not-1542 avia_image' src='https:\/\/aum-meditation.ch\/wp-content\/uploads\/AUMTeam_Nirvan.jpg' alt='' title='AUMTeam_Nirvan'  height=\"320\" width=\"240\"  itemprop=\"thumbnailUrl\"  \/><\/div><\/div><\/div><\/div>\n\n<style type=\"text\/css\" id=\"style-css-av-av_two_third-2a64de42b738552fe666ca889af77e28\">\n.flex_column.av-av_two_third-2a64de42b738552fe666ca889af77e28{\nborder-radius:0px 0px 0px 0px;\n-webkit-border-radius:0px 0px 0px 0px;\n-moz-border-radius:0px 0px 0px 0px;\n}\n<\/style>\n<div class='flex_column av-av_two_third-2a64de42b738552fe666ca889af77e28 av_two_third  avia-builder-el-2  el_after_av_one_third  el_before_av_hr  flex_column_div av-zero-column-padding '   ><section class=\"av_textblock_section \"  itemscope=\"itemscope\" itemtype=\"https:\/\/schema.org\/CreativeWork\" ><div class='avia_textblock  '   itemprop=\"text\" ><p><span id=\"result_box\" class=\"\" lang=\"fr\">Certifi\u00e9 AUM-Leader par la\u00a0Humaniversity, j&#8217;anime la AUM \u00e0 Zurich depuis 2007. Je suis enthousiasm\u00e9 par le travail d&#8217;Osho et de Veeresh et surtout par la AUM, et je veux partager cette joie avec autant de personnes que possible!<\/span><\/p>\n<p>Mon objectif est d&#8217;offrir un espace s\u00e9cure, dans lequel vous pouvez d\u00e9couvrir la AUM et la pratiquer<span class=\"\"> aussi souvent que<\/span> <span class=\"\">vous le d\u00e9sirez<\/span>.<\/p>\n<p>-NIRVAN<\/p>\n<\/div><\/section><\/div>\n<style type=\"text\/css\" id=\"style-css-av-av_hr-a07f7596b1fca85f6595a75d593069df\">\n#top .hr.hr-invisible.av-av_hr-a07f7596b1fca85f6595a75d593069df{\nheight:40px;\n}\n<\/style>\n<div  class='hr av-av_hr-a07f7596b1fca85f6595a75d593069df hr-invisible  avia-builder-el-4  el_after_av_two_third  el_before_av_one_third  '><span class='hr-inner '><span class=\"hr-inner-style\"><\/span><\/span><\/div><\/p>\n\n<style type=\"text\/css\" id=\"style-css-av-av_one_third-352b07ef7d3bc99b2e9f92e7a9e06bdb\">\n.flex_column.av-av_one_third-352b07ef7d3bc99b2e9f92e7a9e06bdb{\nborder-radius:0px 0px 0px 0px;\n-webkit-border-radius:0px 0px 0px 0px;\n-moz-border-radius:0px 0px 0px 0px;\n}\n<\/style>\n<div class='flex_column av-av_one_third-352b07ef7d3bc99b2e9f92e7a9e06bdb av_one_third  avia-builder-el-5  el_after_av_hr  el_before_av_two_third  first flex_column_div av-zero-column-padding '   ><style type=\"text\/css\" id=\"style-css-av-av_image-15d40834eabbe10ed36091b9f73cf340\">\n.avia-image-container.av-av_image-15d40834eabbe10ed36091b9f73cf340 .av-image-caption-overlay-center{\ncolor:#ffffff;\n}\n<\/style>\n<div  class='avia-image-container av-av_image-15d40834eabbe10ed36091b9f73cf340 av-styling- avia-align-left  avia-builder-el-6  avia-builder-el-no-sibling  '  itemprop=\"image\" itemscope=\"itemscope\" itemtype=\"https:\/\/schema.org\/ImageObject\" ><div class=\"avia-image-container-inner\"><div class=\"avia-image-overlay-wrap\"><img class='wp-image-1344 avia-img-lazy-loading-not-1344 avia_image' src='https:\/\/aum-meditation.ch\/wp-content\/uploads\/AUMTeam_Dhanesh.jpg' alt='' title='AUMTeam_Dhanesh'  height=\"960\" width=\"720\"  itemprop=\"thumbnailUrl\"  \/><\/div><\/div><\/div><\/div>\n\n<style type=\"text\/css\" id=\"style-css-av-av_two_third-2a64de42b738552fe666ca889af77e28\">\n.flex_column.av-av_two_third-2a64de42b738552fe666ca889af77e28{\nborder-radius:0px 0px 0px 0px;\n-webkit-border-radius:0px 0px 0px 0px;\n-moz-border-radius:0px 0px 0px 0px;\n}\n<\/style>\n<div class='flex_column av-av_two_third-2a64de42b738552fe666ca889af77e28 av_two_third  avia-builder-el-7  el_after_av_one_third  avia-builder-el-last  flex_column_div av-zero-column-padding '   ><section class=\"av_textblock_section \"  itemscope=\"itemscope\" itemtype=\"https:\/\/schema.org\/CreativeWork\" ><div class='avia_textblock  '   itemprop=\"text\" ><p>Passionn\u00e9 par la m\u00e9ditation depuis une dizaine d\u2019ann\u00e9es, j\u2019ai d\u00e9couvert la AUM dans le centre de m\u00e9ditation d\u2019Osho en Inde. Cette \u00ab\u00a0m\u00e9ditation sociale\u00a0\u00bb m\u2019a tellement marqu\u00e9 que j\u2019ai d\u00e9cid\u00e9 d\u2019aller \u00e9tudier \u00e0 la Humaniversity, en Hollande. C\u2019est dans ce centre de d\u00e9veloppement personnel, fond\u00e9 il y a pr\u00e8s de 40 ans, que Veeresh a cr\u00e9\u00e9 la AUM. Il en a fait la base et le condens\u00e9 de tout le travail th\u00e9rapeutique qui est fait \u00e0 la Humaniversity.<\/p>\n<p>J\u2019ai pu exp\u00e9rimenter les bienfaits de la AUM pendant toute ma formation de th\u00e9rapeute \u00e0 la Humaniversity, que je suis sur le point de conclure (4<sup>e<\/sup> ann\u00e9e). Ma vie en a \u00e9t\u00e9 profond\u00e9ment transform\u00e9e, tout comme celle des centaines de personnes que j\u2019ai rencontr\u00e9es. La AUM m\u2019a aid\u00e9 \u00e0 explorer mon \u00eatre profond, \u00e0 accepter et \u00e0 exprimer toutes mes \u00e9motions, \u00e0 ouvrir mon c\u0153ur.<\/p>\n<p>C\u2019est sur la base de cette exp\u00e9rience que j\u2019ai commenc\u00e9 \u00e0 animer des m\u00e9ditations AUMs. Avec joie et enthousiasme, j\u2019ai envie de partager ce formidable processus en plusieurs endroits de Suisse et en particulier en Suisse romande.<\/p>\n<p>-DHANESH<\/p>\n<\/div><\/section><\/div>\n","protected":false},"excerpt":{"rendered":"","protected":false},"author":1,"featured_media":0,"parent":0,"menu_order":0,"comment_status":"closed","ping_status":"open","template":"","meta":{"footnotes":""},"class_list":["post-633","page","type-page","status-publish","hentry"],"yoast_head":"<!-- This site is optimized with the Yoast SEO plugin v27.4 - https:\/\/yoast.com\/product\/yoast-seo-wordpress\/ -->\n<title>AUM Team - AUM Meditation Zurich<\/title>\n<meta name=\"robots\" content=\"index, follow, max-snippet:-1, max-image-preview:large, max-video-preview:-1\" \/>\n<link rel=\"canonical\" href=\"https:\/\/aum-meditation.ch\/fr\/aum-team\/\" \/>\n<meta property=\"og:locale\" content=\"fr_FR\" \/>\n<meta property=\"og:type\" content=\"article\" \/>\n<meta property=\"og:title\" content=\"AUM Team - AUM Meditation Zurich\" \/>\n<meta property=\"og:url\" content=\"https:\/\/aum-meditation.ch\/fr\/aum-team\/\" \/>\n<meta property=\"og:site_name\" content=\"AUM Meditation Zurich\" \/>\n<meta property=\"article:modified_time\" content=\"2016-03-30T10:16:26+00:00\" \/>\n<meta name=\"twitter:card\" content=\"summary_large_image\" \/>\n<meta name=\"twitter:label1\" content=\"Dur\u00e9e de lecture estim\u00e9e\" \/>\n\t<meta name=\"twitter:data1\" content=\"3 minutes\" \/>\n<script type=\"application\/ld+json\" class=\"yoast-schema-graph\">{\"@context\":\"https:\\\/\\\/schema.org\",\"@graph\":[{\"@type\":\"WebPage\",\"@id\":\"https:\\\/\\\/aum-meditation.ch\\\/fr\\\/aum-team\\\/\",\"url\":\"https:\\\/\\\/aum-meditation.ch\\\/fr\\\/aum-team\\\/\",\"name\":\"AUM Team - AUM Meditation Zurich\",\"isPartOf\":{\"@id\":\"https:\\\/\\\/aum-meditation.ch\\\/#website\"},\"datePublished\":\"2014-08-27T15:04:47+00:00\",\"dateModified\":\"2016-03-30T10:16:26+00:00\",\"breadcrumb\":{\"@id\":\"https:\\\/\\\/aum-meditation.ch\\\/fr\\\/aum-team\\\/#breadcrumb\"},\"inLanguage\":\"fr-FR\",\"potentialAction\":[{\"@type\":\"ReadAction\",\"target\":[\"https:\\\/\\\/aum-meditation.ch\\\/fr\\\/aum-team\\\/\"]}]},{\"@type\":\"BreadcrumbList\",\"@id\":\"https:\\\/\\\/aum-meditation.ch\\\/fr\\\/aum-team\\\/#breadcrumb\",\"itemListElement\":[{\"@type\":\"ListItem\",\"position\":1,\"name\":\"Home\",\"item\":\"https:\\\/\\\/aum-meditation.ch\\\/\"},{\"@type\":\"ListItem\",\"position\":2,\"name\":\"AUM Team\"}]},{\"@type\":\"WebSite\",\"@id\":\"https:\\\/\\\/aum-meditation.ch\\\/#website\",\"url\":\"https:\\\/\\\/aum-meditation.ch\\\/\",\"name\":\"AUM Meditation Zurich\",\"description\":\"Active Social Meditation\",\"potentialAction\":[{\"@type\":\"SearchAction\",\"target\":{\"@type\":\"EntryPoint\",\"urlTemplate\":\"https:\\\/\\\/aum-meditation.ch\\\/?s={search_term_string}\"},\"query-input\":{\"@type\":\"PropertyValueSpecification\",\"valueRequired\":true,\"valueName\":\"search_term_string\"}}],\"inLanguage\":\"fr-FR\"}]}<\/script>\n<!-- \/ Yoast SEO plugin. -->","yoast_head_json":{"title":"AUM Team - AUM Meditation Zurich","robots":{"index":"index","follow":"follow","max-snippet":"max-snippet:-1","max-image-preview":"max-image-preview:large","max-video-preview":"max-video-preview:-1"},"canonical":"https:\/\/aum-meditation.ch\/fr\/aum-team\/","og_locale":"fr_FR","og_type":"article","og_title":"AUM Team - AUM Meditation Zurich","og_url":"https:\/\/aum-meditation.ch\/fr\/aum-team\/","og_site_name":"AUM Meditation Zurich","article_modified_time":"2016-03-30T10:16:26+00:00","twitter_card":"summary_large_image","twitter_misc":{"Dur\u00e9e de lecture estim\u00e9e":"3 minutes"},"schema":{"@context":"https:\/\/schema.org","@graph":[{"@type":"WebPage","@id":"https:\/\/aum-meditation.ch\/fr\/aum-team\/","url":"https:\/\/aum-meditation.ch\/fr\/aum-team\/","name":"AUM Team - AUM Meditation Zurich","isPartOf":{"@id":"https:\/\/aum-meditation.ch\/#website"},"datePublished":"2014-08-27T15:04:47+00:00","dateModified":"2016-03-30T10:16:26+00:00","breadcrumb":{"@id":"https:\/\/aum-meditation.ch\/fr\/aum-team\/#breadcrumb"},"inLanguage":"fr-FR","potentialAction":[{"@type":"ReadAction","target":["https:\/\/aum-meditation.ch\/fr\/aum-team\/"]}]},{"@type":"BreadcrumbList","@id":"https:\/\/aum-meditation.ch\/fr\/aum-team\/#breadcrumb","itemListElement":[{"@type":"ListItem","position":1,"name":"Home","item":"https:\/\/aum-meditation.ch\/"},{"@type":"ListItem","position":2,"name":"AUM Team"}]},{"@type":"WebSite","@id":"https:\/\/aum-meditation.ch\/#website","url":"https:\/\/aum-meditation.ch\/","name":"AUM Meditation Zurich","description":"Active Social Meditation","potentialAction":[{"@type":"SearchAction","target":{"@type":"EntryPoint","urlTemplate":"https:\/\/aum-meditation.ch\/?s={search_term_string}"},"query-input":{"@type":"PropertyValueSpecification","valueRequired":true,"valueName":"search_term_string"}}],"inLanguage":"fr-FR"}]}},"_links":{"self":[{"href":"https:\/\/aum-meditation.ch\/fr\/wp-json\/wp\/v2\/pages\/633","targetHints":{"allow":["GET"]}}],"collection":[{"href":"https:\/\/aum-meditation.ch\/fr\/wp-json\/wp\/v2\/pages"}],"about":[{"href":"https:\/\/aum-meditation.ch\/fr\/wp-json\/wp\/v2\/types\/page"}],"author":[{"embeddable":true,"href":"https:\/\/aum-meditation.ch\/fr\/wp-json\/wp\/v2\/users\/1"}],"replies":[{"embeddable":true,"href":"https:\/\/aum-meditation.ch\/fr\/wp-json\/wp\/v2\/comments?post=633"}],"version-history":[{"count":6,"href":"https:\/\/aum-meditation.ch\/fr\/wp-json\/wp\/v2\/pages\/633\/revisions"}],"predecessor-version":[{"id":744,"href":"https:\/\/aum-meditation.ch\/fr\/wp-json\/wp\/v2\/pages\/633\/revisions\/744"}],"wp:attachment":[{"href":"https:\/\/aum-meditation.ch\/fr\/wp-json\/wp\/v2\/media?parent=633"}],"curies":[{"name":"wp","href":"https:\/\/api.w.org\/{rel}","templated":true}]}}