{"id":636,"date":"2014-08-21T08:12:56","date_gmt":"2014-08-21T08:12:56","guid":{"rendered":"http:\/\/aum-meditation.ch.aurelius.ch-meta.net\/fr\/home\/"},"modified":"2017-07-23T12:48:07","modified_gmt":"2017-07-23T10:48:07","slug":"acceuil","status":"publish","type":"page","link":"https:\/\/aum-meditation.ch\/fr\/acceuil\/","title":{"rendered":"Accueil"},"content":{"rendered":"<div class='flex_column av-av_one_full-2a9015ff38129c418a3f2eafba3e9512 av_one_full  avia-builder-el-0  el_before_av_hr  avia-builder-el-first  first flex_column_div '   ><section class=\"av_textblock_section \"  itemscope=\"itemscope\" itemtype=\"https:\/\/schema.org\/CreativeWork\" ><div class='avia_textblock  '   itemprop=\"text\" ><h3 style=\"text-align: center;\">Osho\/Humaniversity<\/h3>\n<\/div><\/section><\/div>\n\n<style type=\"text\/css\" id=\"style-css-av-av_hr-a6de236e6c183bbbd700292deacd2b52\">\n#top .hr.hr-invisible.av-av_hr-a6de236e6c183bbbd700292deacd2b52{\nheight:20px;\n}\n<\/style>\n<div  class='hr av-av_hr-a6de236e6c183bbbd700292deacd2b52 hr-invisible  avia-builder-el-2  el_after_av_one_full  el_before_av_one_full  '><span class='hr-inner '><span class=\"hr-inner-style\"><\/span><\/span><\/div>\n<div class='flex_column av-av_one_full-2a9015ff38129c418a3f2eafba3e9512 av_one_full  avia-builder-el-3  el_after_av_hr  el_before_av_hr  first flex_column_div '   ><section class=\"av_textblock_section \"  itemscope=\"itemscope\" itemtype=\"https:\/\/schema.org\/CreativeWork\" ><div class='avia_textblock  '   itemprop=\"text\" ><h2 style=\"text-align: center;\">AUM \u2013 M\u00e9ditation<\/h2>\n<\/div><\/section><\/div>\n\n<style type=\"text\/css\" id=\"style-css-av-av_hr-a6de236e6c183bbbd700292deacd2b52\">\n#top .hr.hr-invisible.av-av_hr-a6de236e6c183bbbd700292deacd2b52{\nheight:20px;\n}\n<\/style>\n<div  class='hr av-av_hr-a6de236e6c183bbbd700292deacd2b52 hr-invisible  avia-builder-el-5  el_after_av_one_full  el_before_av_textblock  '><span class='hr-inner '><span class=\"hr-inner-style\"><\/span><\/span><\/div>\n<section class=\"av_textblock_section \"  itemscope=\"itemscope\" itemtype=\"https:\/\/schema.org\/CreativeWork\" ><div class='avia_textblock  '   itemprop=\"text\" ><p style=\"text-align: center;\">La m\u00e9ditation AUM (Awareness, Understanding, Meditation = conscience, compr\u00e9hension, m\u00e9ditation) est un voyage \u00e0 la d\u00e9couverte de nous-m\u00eames. C\u2019est une m\u00e9ditation active et &#8220;sociale&#8221; : en interagissant avec les autres, nous devenons plus conscients de nos \u00e9motions et de nos attitudes. En \u00e9vacuant le stress et les tensions, nous pouvons activer notre \u00e9nergie vitale.<\/p>\n<p style=\"text-align: center;\">La AUM dure 2h30 et poss\u00e8de 14 \u00e9tapes, qui sont autant de fen\u00eatres sur soi. Elle combine le mouvement corporel, <span class=\"text_exposed_show\">la respiration et les sons, trois \u00e9l\u00e9ments qui facilitent le l\u00e2cher prise et la lib\u00e9ration \u00e9motionnelle. Ce processus nous permet d\u2019explorer l\u2019\u00e9ventail de nos sentiments (col\u00e8re, pardon, amour, folie, tristesse, rire, sensualit\u00e9, paix), en utilisant un ensemble de techniques telles que l\u2019expression \u00e9motionnelle, la danse et la rencontre avec l\u2019autre. Le tout dans un cadre s\u00e9curisant et dans une atmosph\u00e8re ludique.<\/span><\/p>\n<div class=\"text_exposed_show\">\n<p style=\"text-align: center;\">Au bout du voyage, nous pouvons acc\u00e9der \u00e0 un espace de bien-\u00eatre et de silence, qui nous aide \u00e0 ouvrir notre c\u0153ur, \u00e0 nous connecter \u00e0 notre \u00eatre profond et \u00e0 c\u00e9l\u00e9brer la vie.<\/p>\n<p style=\"text-align: center;\">La m\u00e9ditation AUM a \u00e9t\u00e9 cr\u00e9\u00e9e par Veeresh (1938-2015), disciple du mystique Osho et th\u00e9rapeute innovant qui a fond\u00e9 en Hollande, il y a pr\u00e8s de 40 ans, la Humaniversity, un centre pour le d\u00e9veloppement personnel, la th\u00e9rapie et la spiritualit\u00e9.<\/p>\n<\/div>\n\n<style type=\"text\/css\" id=\"style-css-av-av_hr-616cd310f4c6bf63bbd1f033802c1165\">\n#top .hr.hr-invisible.av-av_hr-616cd310f4c6bf63bbd1f033802c1165{\nheight:20px;\n}\n<\/style>\n<div  class='hr av-av_hr-616cd310f4c6bf63bbd1f033802c1165 hr-invisible  avia-builder-el-7  avia-builder-el-no-sibling  '><span class='hr-inner '><span class=\"hr-inner-style\"><\/span><\/span><\/div>\n--\n<\/div><\/section>\n","protected":false},"excerpt":{"rendered":"","protected":false},"author":2,"featured_media":0,"parent":0,"menu_order":0,"comment_status":"closed","ping_status":"closed","template":"","meta":{"footnotes":""},"class_list":["post-636","page","type-page","status-publish","hentry"],"yoast_head":"<!-- This site is optimized with the Yoast SEO plugin v27.4 - https:\/\/yoast.com\/product\/yoast-seo-wordpress\/ -->\n<title>Accueil - AUM Meditation Zurich<\/title>\n<meta name=\"robots\" content=\"index, follow, max-snippet:-1, max-image-preview:large, max-video-preview:-1\" \/>\n<link rel=\"canonical\" href=\"https:\/\/aum-meditation.ch\/fr\/acceuil\/\" \/>\n<meta property=\"og:locale\" content=\"fr_FR\" \/>\n<meta property=\"og:type\" content=\"article\" \/>\n<meta property=\"og:title\" content=\"AUM M\u00e9ditation Z\u00fcrich - Suisse Romande\" \/>\n<meta property=\"og:description\" content=\"La m\u00e9ditation AUM (Awareness, Understanding, Meditation = conscience, compr\u00e9hension, m\u00e9ditation) est un voyage \u00e0 la d\u00e9couverte de nous-m\u00eames. C\u2019est une m\u00e9ditation active et &quot;sociale&quot; : en interagissant avec les autres, nous devenons plus conscients de nos \u00e9motions et de nos attitudes. En \u00e9vacuant le stress et les tensions, nous pouvons activer notre \u00e9nergie vitale.\" \/>\n<meta property=\"og:url\" content=\"https:\/\/aum-meditation.ch\/fr\/acceuil\/\" \/>\n<meta property=\"og:site_name\" content=\"AUM Meditation Zurich\" \/>\n<meta property=\"article:modified_time\" content=\"2017-07-23T10:48:07+00:00\" \/>\n<meta name=\"twitter:card\" content=\"summary_large_image\" \/>\n<meta name=\"twitter:label1\" content=\"Dur\u00e9e de lecture estim\u00e9e\" \/>\n\t<meta name=\"twitter:data1\" content=\"2 minutes\" \/>\n<script type=\"application\/ld+json\" class=\"yoast-schema-graph\">{\"@context\":\"https:\\\/\\\/schema.org\",\"@graph\":[{\"@type\":\"WebPage\",\"@id\":\"https:\\\/\\\/aum-meditation.ch\\\/fr\\\/acceuil\\\/\",\"url\":\"https:\\\/\\\/aum-meditation.ch\\\/fr\\\/acceuil\\\/\",\"name\":\"Accueil - AUM Meditation Zurich\",\"isPartOf\":{\"@id\":\"https:\\\/\\\/aum-meditation.ch\\\/#website\"},\"datePublished\":\"2014-08-21T08:12:56+00:00\",\"dateModified\":\"2017-07-23T10:48:07+00:00\",\"breadcrumb\":{\"@id\":\"https:\\\/\\\/aum-meditation.ch\\\/fr\\\/acceuil\\\/#breadcrumb\"},\"inLanguage\":\"fr-FR\",\"potentialAction\":[{\"@type\":\"ReadAction\",\"target\":[\"https:\\\/\\\/aum-meditation.ch\\\/fr\\\/acceuil\\\/\"]}]},{\"@type\":\"BreadcrumbList\",\"@id\":\"https:\\\/\\\/aum-meditation.ch\\\/fr\\\/acceuil\\\/#breadcrumb\",\"itemListElement\":[{\"@type\":\"ListItem\",\"position\":1,\"name\":\"Home\",\"item\":\"https:\\\/\\\/aum-meditation.ch\\\/\"},{\"@type\":\"ListItem\",\"position\":2,\"name\":\"Accueil\"}]},{\"@type\":\"WebSite\",\"@id\":\"https:\\\/\\\/aum-meditation.ch\\\/#website\",\"url\":\"https:\\\/\\\/aum-meditation.ch\\\/\",\"name\":\"AUM Meditation Zurich\",\"description\":\"Active Social Meditation\",\"potentialAction\":[{\"@type\":\"SearchAction\",\"target\":{\"@type\":\"EntryPoint\",\"urlTemplate\":\"https:\\\/\\\/aum-meditation.ch\\\/?s={search_term_string}\"},\"query-input\":{\"@type\":\"PropertyValueSpecification\",\"valueRequired\":true,\"valueName\":\"search_term_string\"}}],\"inLanguage\":\"fr-FR\"}]}<\/script>\n<!-- \/ Yoast SEO plugin. -->","yoast_head_json":{"title":"Accueil - AUM Meditation Zurich","robots":{"index":"index","follow":"follow","max-snippet":"max-snippet:-1","max-image-preview":"max-image-preview:large","max-video-preview":"max-video-preview:-1"},"canonical":"https:\/\/aum-meditation.ch\/fr\/acceuil\/","og_locale":"fr_FR","og_type":"article","og_title":"AUM M\u00e9ditation Z\u00fcrich - Suisse Romande","og_description":"La m\u00e9ditation AUM (Awareness, Understanding, Meditation = conscience, compr\u00e9hension, m\u00e9ditation) est un voyage \u00e0 la d\u00e9couverte de nous-m\u00eames. C\u2019est une m\u00e9ditation active et \"sociale\" : en interagissant avec les autres, nous devenons plus conscients de nos \u00e9motions et de nos attitudes. En \u00e9vacuant le stress et les tensions, nous pouvons activer notre \u00e9nergie vitale.","og_url":"https:\/\/aum-meditation.ch\/fr\/acceuil\/","og_site_name":"AUM Meditation Zurich","article_modified_time":"2017-07-23T10:48:07+00:00","twitter_card":"summary_large_image","twitter_misc":{"Dur\u00e9e de lecture estim\u00e9e":"2 minutes"},"schema":{"@context":"https:\/\/schema.org","@graph":[{"@type":"WebPage","@id":"https:\/\/aum-meditation.ch\/fr\/acceuil\/","url":"https:\/\/aum-meditation.ch\/fr\/acceuil\/","name":"Accueil - AUM Meditation Zurich","isPartOf":{"@id":"https:\/\/aum-meditation.ch\/#website"},"datePublished":"2014-08-21T08:12:56+00:00","dateModified":"2017-07-23T10:48:07+00:00","breadcrumb":{"@id":"https:\/\/aum-meditation.ch\/fr\/acceuil\/#breadcrumb"},"inLanguage":"fr-FR","potentialAction":[{"@type":"ReadAction","target":["https:\/\/aum-meditation.ch\/fr\/acceuil\/"]}]},{"@type":"BreadcrumbList","@id":"https:\/\/aum-meditation.ch\/fr\/acceuil\/#breadcrumb","itemListElement":[{"@type":"ListItem","position":1,"name":"Home","item":"https:\/\/aum-meditation.ch\/"},{"@type":"ListItem","position":2,"name":"Accueil"}]},{"@type":"WebSite","@id":"https:\/\/aum-meditation.ch\/#website","url":"https:\/\/aum-meditation.ch\/","name":"AUM Meditation Zurich","description":"Active Social Meditation","potentialAction":[{"@type":"SearchAction","target":{"@type":"EntryPoint","urlTemplate":"https:\/\/aum-meditation.ch\/?s={search_term_string}"},"query-input":{"@type":"PropertyValueSpecification","valueRequired":true,"valueName":"search_term_string"}}],"inLanguage":"fr-FR"}]}},"_links":{"self":[{"href":"https:\/\/aum-meditation.ch\/fr\/wp-json\/wp\/v2\/pages\/636","targetHints":{"allow":["GET"]}}],"collection":[{"href":"https:\/\/aum-meditation.ch\/fr\/wp-json\/wp\/v2\/pages"}],"about":[{"href":"https:\/\/aum-meditation.ch\/fr\/wp-json\/wp\/v2\/types\/page"}],"author":[{"embeddable":true,"href":"https:\/\/aum-meditation.ch\/fr\/wp-json\/wp\/v2\/users\/2"}],"replies":[{"embeddable":true,"href":"https:\/\/aum-meditation.ch\/fr\/wp-json\/wp\/v2\/comments?post=636"}],"version-history":[{"count":10,"href":"https:\/\/aum-meditation.ch\/fr\/wp-json\/wp\/v2\/pages\/636\/revisions"}],"predecessor-version":[{"id":655,"href":"https:\/\/aum-meditation.ch\/fr\/wp-json\/wp\/v2\/pages\/636\/revisions\/655"}],"wp:attachment":[{"href":"https:\/\/aum-meditation.ch\/fr\/wp-json\/wp\/v2\/media?parent=636"}],"curies":[{"name":"wp","href":"https:\/\/api.w.org\/{rel}","templated":true}]}}