{"id":949,"date":"2017-04-30T16:25:45","date_gmt":"2017-04-30T15:25:45","guid":{"rendered":"http:\/\/aum-meditation.ch\/location-serratus\/"},"modified":"2017-04-30T16:35:08","modified_gmt":"2017-04-30T15:35:08","slug":"location-serratus","status":"publish","type":"page","link":"https:\/\/aum-meditation.ch\/fr\/location-serratus\/","title":{"rendered":"Location Serratus"},"content":{"rendered":"\n<style type=\"text\/css\" id=\"style-css-av-av_one_full-6126cab7d8fab8d08143dd2dacdf673c\">\n.flex_column.av-av_one_full-6126cab7d8fab8d08143dd2dacdf673c{\nborder-radius:0px 0px 0px 0px;\n-webkit-border-radius:0px 0px 0px 0px;\n-moz-border-radius:0px 0px 0px 0px;\n}\n<\/style>\n<div class='flex_column av-av_one_full-6126cab7d8fab8d08143dd2dacdf673c av_one_full  avia-builder-el-0  avia-builder-el-no-sibling  first flex_column_div av-zero-column-padding '   ><section class=\"av_textblock_section \"  itemscope=\"itemscope\" itemtype=\"https:\/\/schema.org\/CreativeWork\" ><div class='avia_textblock  av_inherit_color '  style='font-size:15px; '  itemprop=\"text\" ><h4>Location Serratus Bodywork Z\u00fcrich<\/h4>\n<p>Zwinglistrasse 40, 8004 Z\u00fcrich<br \/>\n<a href=\"https:\/\/goo.gl\/maps\/av9HmiKB4LE2\" target=\"_blank\" rel=\"noopener noreferrer\">Google Maps External Link<\/a><\/p>\n<h3><\/h3>\n<h3><\/h3>\n<p>Das Serrat(u)s Studio befindet sich zwischen Helvetiaplatz und Milit\u00e4rstrasse.<br \/>\nGut erreichbar mit dem Bus 31\/32 bis Ecke Milit\u00e4r\u2013 und Langstrasse oder zu Fuss circa 5 Minuten vom Hauptbahnhof.<\/p>\n<h4><\/h4>\n\n<style type=\"text\/css\" id=\"style-css-av-av_hr-c9ba6ccf0e28539cef079a4b419f7f68\">\n#top .hr.hr-invisible.av-av_hr-c9ba6ccf0e28539cef079a4b419f7f68{\nheight:25px;\n}\n<\/style>\n<div  class='hr av-av_hr-c9ba6ccf0e28539cef079a4b419f7f68 hr-invisible  avia-builder-el-2  avia-builder-el-no-sibling  '><span class='hr-inner '><span class=\"hr-inner-style\"><\/span><\/span><\/div>\n<\/div><\/section><br \/>\n<div  class='av_gmaps_sc_main_wrap av_gmaps_main_wrap '><div id='av_gmap_0' class='avia-google-map-container avia-google-map-sc av_gmaps_show_unconditionally av-no-fallback-img ' data-mapid='av_gmap_0'  style='height: 400px;'><a class=\"av_gmaps_browser_disabled av_text_confirm_link av_text_confirm_link_visible\" href=\"https:\/\/www.google.com\/maps\/search\/?api=1&#038;query=Zwinglistrasse%2040%20%208004%20Z\u00fcrich\" target=\"_blank\" rel=\"noopener\">Les cartes ont \u00e9t\u00e9 d\u00e9sactiv\u00e9es par le visiteur sur ce site. Cliquer pour ouvrir la carte dans une nouvelle fen\u00eatre.<\/a><\/div><\/div><\/p><\/div>\n","protected":false},"excerpt":{"rendered":"","protected":false},"author":2,"featured_media":0,"parent":0,"menu_order":0,"comment_status":"closed","ping_status":"closed","template":"","meta":{"footnotes":""},"class_list":["post-949","page","type-page","status-publish","hentry"],"yoast_head":"<!-- This site is optimized with the Yoast SEO plugin v27.4 - https:\/\/yoast.com\/product\/yoast-seo-wordpress\/ -->\n<title>Location Serratus - AUM Meditation Zurich<\/title>\n<meta name=\"robots\" content=\"index, follow, max-snippet:-1, max-image-preview:large, max-video-preview:-1\" \/>\n<link rel=\"canonical\" href=\"https:\/\/aum-meditation.ch\/fr\/location-serratus\/\" \/>\n<meta property=\"og:locale\" content=\"fr_FR\" \/>\n<meta property=\"og:type\" content=\"article\" \/>\n<meta property=\"og:title\" content=\"Location Serratus - AUM Meditation Zurich\" \/>\n<meta property=\"og:url\" content=\"https:\/\/aum-meditation.ch\/fr\/location-serratus\/\" \/>\n<meta property=\"og:site_name\" content=\"AUM Meditation Zurich\" \/>\n<meta property=\"article:modified_time\" content=\"2017-04-30T15:35:08+00:00\" \/>\n<meta name=\"twitter:card\" content=\"summary_large_image\" \/>\n<meta name=\"twitter:label1\" content=\"Dur\u00e9e de lecture estim\u00e9e\" \/>\n\t<meta name=\"twitter:data1\" content=\"1 minute\" \/>\n<script type=\"application\/ld+json\" class=\"yoast-schema-graph\">{\"@context\":\"https:\\\/\\\/schema.org\",\"@graph\":[{\"@type\":\"WebPage\",\"@id\":\"https:\\\/\\\/aum-meditation.ch\\\/fr\\\/location-serratus\\\/\",\"url\":\"https:\\\/\\\/aum-meditation.ch\\\/fr\\\/location-serratus\\\/\",\"name\":\"Location Serratus - AUM Meditation Zurich\",\"isPartOf\":{\"@id\":\"https:\\\/\\\/aum-meditation.ch\\\/#website\"},\"datePublished\":\"2017-04-30T15:25:45+00:00\",\"dateModified\":\"2017-04-30T15:35:08+00:00\",\"breadcrumb\":{\"@id\":\"https:\\\/\\\/aum-meditation.ch\\\/fr\\\/location-serratus\\\/#breadcrumb\"},\"inLanguage\":\"fr-FR\",\"potentialAction\":[{\"@type\":\"ReadAction\",\"target\":[\"https:\\\/\\\/aum-meditation.ch\\\/fr\\\/location-serratus\\\/\"]}]},{\"@type\":\"BreadcrumbList\",\"@id\":\"https:\\\/\\\/aum-meditation.ch\\\/fr\\\/location-serratus\\\/#breadcrumb\",\"itemListElement\":[{\"@type\":\"ListItem\",\"position\":1,\"name\":\"Home\",\"item\":\"https:\\\/\\\/aum-meditation.ch\\\/\"},{\"@type\":\"ListItem\",\"position\":2,\"name\":\"Location Serratus\"}]},{\"@type\":\"WebSite\",\"@id\":\"https:\\\/\\\/aum-meditation.ch\\\/#website\",\"url\":\"https:\\\/\\\/aum-meditation.ch\\\/\",\"name\":\"AUM Meditation Zurich\",\"description\":\"Active Social Meditation\",\"potentialAction\":[{\"@type\":\"SearchAction\",\"target\":{\"@type\":\"EntryPoint\",\"urlTemplate\":\"https:\\\/\\\/aum-meditation.ch\\\/?s={search_term_string}\"},\"query-input\":{\"@type\":\"PropertyValueSpecification\",\"valueRequired\":true,\"valueName\":\"search_term_string\"}}],\"inLanguage\":\"fr-FR\"}]}<\/script>\n<!-- \/ Yoast SEO plugin. -->","yoast_head_json":{"title":"Location Serratus - AUM Meditation Zurich","robots":{"index":"index","follow":"follow","max-snippet":"max-snippet:-1","max-image-preview":"max-image-preview:large","max-video-preview":"max-video-preview:-1"},"canonical":"https:\/\/aum-meditation.ch\/fr\/location-serratus\/","og_locale":"fr_FR","og_type":"article","og_title":"Location Serratus - AUM Meditation Zurich","og_url":"https:\/\/aum-meditation.ch\/fr\/location-serratus\/","og_site_name":"AUM Meditation Zurich","article_modified_time":"2017-04-30T15:35:08+00:00","twitter_card":"summary_large_image","twitter_misc":{"Dur\u00e9e de lecture estim\u00e9e":"1 minute"},"schema":{"@context":"https:\/\/schema.org","@graph":[{"@type":"WebPage","@id":"https:\/\/aum-meditation.ch\/fr\/location-serratus\/","url":"https:\/\/aum-meditation.ch\/fr\/location-serratus\/","name":"Location Serratus - AUM Meditation Zurich","isPartOf":{"@id":"https:\/\/aum-meditation.ch\/#website"},"datePublished":"2017-04-30T15:25:45+00:00","dateModified":"2017-04-30T15:35:08+00:00","breadcrumb":{"@id":"https:\/\/aum-meditation.ch\/fr\/location-serratus\/#breadcrumb"},"inLanguage":"fr-FR","potentialAction":[{"@type":"ReadAction","target":["https:\/\/aum-meditation.ch\/fr\/location-serratus\/"]}]},{"@type":"BreadcrumbList","@id":"https:\/\/aum-meditation.ch\/fr\/location-serratus\/#breadcrumb","itemListElement":[{"@type":"ListItem","position":1,"name":"Home","item":"https:\/\/aum-meditation.ch\/"},{"@type":"ListItem","position":2,"name":"Location Serratus"}]},{"@type":"WebSite","@id":"https:\/\/aum-meditation.ch\/#website","url":"https:\/\/aum-meditation.ch\/","name":"AUM Meditation Zurich","description":"Active Social Meditation","potentialAction":[{"@type":"SearchAction","target":{"@type":"EntryPoint","urlTemplate":"https:\/\/aum-meditation.ch\/?s={search_term_string}"},"query-input":{"@type":"PropertyValueSpecification","valueRequired":true,"valueName":"search_term_string"}}],"inLanguage":"fr-FR"}]}},"_links":{"self":[{"href":"https:\/\/aum-meditation.ch\/fr\/wp-json\/wp\/v2\/pages\/949","targetHints":{"allow":["GET"]}}],"collection":[{"href":"https:\/\/aum-meditation.ch\/fr\/wp-json\/wp\/v2\/pages"}],"about":[{"href":"https:\/\/aum-meditation.ch\/fr\/wp-json\/wp\/v2\/types\/page"}],"author":[{"embeddable":true,"href":"https:\/\/aum-meditation.ch\/fr\/wp-json\/wp\/v2\/users\/2"}],"replies":[{"embeddable":true,"href":"https:\/\/aum-meditation.ch\/fr\/wp-json\/wp\/v2\/comments?post=949"}],"version-history":[{"count":5,"href":"https:\/\/aum-meditation.ch\/fr\/wp-json\/wp\/v2\/pages\/949\/revisions"}],"predecessor-version":[{"id":971,"href":"https:\/\/aum-meditation.ch\/fr\/wp-json\/wp\/v2\/pages\/949\/revisions\/971"}],"wp:attachment":[{"href":"https:\/\/aum-meditation.ch\/fr\/wp-json\/wp\/v2\/media?parent=949"}],"curies":[{"name":"wp","href":"https:\/\/api.w.org\/{rel}","templated":true}]}}